{"id":117,"date":"2021-04-05T13:24:22","date_gmt":"2021-04-05T13:24:22","guid":{"rendered":"https:\/\/mittagstisch-rodersdorf.ch\/wordpress\/?page_id=117"},"modified":"2025-06-17T22:33:12","modified_gmt":"2025-06-17T22:33:12","slug":"team","status":"publish","type":"page","link":"https:\/\/mittagstisch-rodersdorf.ch\/wordpress\/?page_id=117","title":{"rendered":"Team"},"content":{"rendered":"<div class=\"wp-block-image is-style-default\">\n<figure class=\"aligncenter size-full is-resized\"><img loading=\"lazy\" decoding=\"async\" width=\"614\" height=\"432\" src=\"https:\/\/mittagstisch-rodersdorf.ch\/wordpress\/wp-content\/uploads\/2024\/02\/Teamfoto-2024-1.jpg\" alt=\"\" class=\"wp-image-742\" style=\"object-fit:cover;width:440px;height:307px\" srcset=\"https:\/\/mittagstisch-rodersdorf.ch\/wordpress\/wp-content\/uploads\/2024\/02\/Teamfoto-2024-1.jpg 614w, https:\/\/mittagstisch-rodersdorf.ch\/wordpress\/wp-content\/uploads\/2024\/02\/Teamfoto-2024-1-300x211.jpg 300w, https:\/\/mittagstisch-rodersdorf.ch\/wordpress\/wp-content\/uploads\/2024\/02\/Teamfoto-2024-1-384x270.jpg 384w\" sizes=\"auto, (max-width: 614px) 100vw, 614px\" \/><figcaption class=\"wp-element-caption\">Team (von links): Andrea, Hana, Sabine (Leitung), Diana und Mark\u00e9ta (Stv. Leiterin)<\/figcaption><\/figure>\n<\/div>\n\n\n<div style=\"height:12px\" aria-hidden=\"true\" class=\"wp-block-spacer\"><\/div>\n\n\n\n<p style=\"font-size:18px\"><strong>Das Mittagstisch-Team stellt sich vor<\/strong><\/p>\n\n\n\n<p style=\"font-size:16px\">Liebe Eltern und Kinder des \u00d6ffentlichen Mittagstischs Rodersdorf<\/p>\n\n\n\n<div style=\"height:26px\" aria-hidden=\"true\" class=\"wp-block-spacer\"><\/div>\n\n\n\n<div class=\"wp-block-media-text alignwide is-stacked-on-mobile is-vertically-aligned-center\" style=\"grid-template-columns:38% auto\"><figure class=\"wp-block-media-text__media\"><img loading=\"lazy\" decoding=\"async\" width=\"1024\" height=\"682\" src=\"https:\/\/mittagstisch-rodersdorf.ch\/wordpress\/wp-content\/uploads\/2022\/01\/G4A2193-1-1024x682.jpg\" alt=\"\" class=\"wp-image-458 size-full\" srcset=\"https:\/\/mittagstisch-rodersdorf.ch\/wordpress\/wp-content\/uploads\/2022\/01\/G4A2193-1-1024x682.jpg 1024w, https:\/\/mittagstisch-rodersdorf.ch\/wordpress\/wp-content\/uploads\/2022\/01\/G4A2193-1-300x200.jpg 300w, https:\/\/mittagstisch-rodersdorf.ch\/wordpress\/wp-content\/uploads\/2022\/01\/G4A2193-1-768x512.jpg 768w, https:\/\/mittagstisch-rodersdorf.ch\/wordpress\/wp-content\/uploads\/2022\/01\/G4A2193-1-405x270.jpg 405w, https:\/\/mittagstisch-rodersdorf.ch\/wordpress\/wp-content\/uploads\/2022\/01\/G4A2193-1.jpg 1280w\" sizes=\"auto, (max-width: 1024px) 100vw, 1024px\" \/><\/figure><div class=\"wp-block-media-text__content\">\n<p style=\"font-size:16px\">Ich, <strong>Sabine<\/strong>, bin in Rodersdorf aufgewachsen und lebe mit meinem Mann und unseren Zwillingen Nela und Flurina im Dorf. Als ausgebildete Kindergarten-und Primarlehrperson arbeite ich nun schon seit sechs Jahren mit grosser Freude als Leiterin des \u00d6ffentlichen Mittagstischs.<br>Es ist mir ein Anliegen die Kinder in einer angenehmen Umgebung und mit meinem tollen Team durch die Mittagszeit und den Nachmittag zu begleiten. Die Kinder k\u00f6nnen so in einer heterogenen Gruppe ihre Sozialkompetenzen st\u00e4rken.<\/p>\n<\/div><\/div>\n\n\n\n<div style=\"height:100px\" aria-hidden=\"true\" class=\"wp-block-spacer\"><\/div>\n\n\n\n<div class=\"wp-block-media-text alignwide is-stacked-on-mobile is-vertically-aligned-center\" style=\"grid-template-columns:38% auto\"><figure class=\"wp-block-media-text__media\"><img loading=\"lazy\" decoding=\"async\" width=\"1024\" height=\"683\" src=\"https:\/\/mittagstisch-rodersdorf.ch\/wordpress\/wp-content\/uploads\/2022\/01\/G4A2181-1-1024x683.jpg\" alt=\"\" class=\"wp-image-455 size-full\" srcset=\"https:\/\/mittagstisch-rodersdorf.ch\/wordpress\/wp-content\/uploads\/2022\/01\/G4A2181-1-1024x683.jpg 1024w, https:\/\/mittagstisch-rodersdorf.ch\/wordpress\/wp-content\/uploads\/2022\/01\/G4A2181-1-300x200.jpg 300w, https:\/\/mittagstisch-rodersdorf.ch\/wordpress\/wp-content\/uploads\/2022\/01\/G4A2181-1-768x512.jpg 768w, https:\/\/mittagstisch-rodersdorf.ch\/wordpress\/wp-content\/uploads\/2022\/01\/G4A2181-1-405x270.jpg 405w, https:\/\/mittagstisch-rodersdorf.ch\/wordpress\/wp-content\/uploads\/2022\/01\/G4A2181-1.jpg 1536w\" sizes=\"auto, (max-width: 1024px) 100vw, 1024px\" \/><\/figure><div class=\"wp-block-media-text__content\">\n<p style=\"font-size:16px\">Mein Name ist <strong>Mark\u00e9ta<\/strong>, ich wohne in Rodersdorf, bin Mutter von zwei Kindern und seit 2019 beim Mittagstisch-Team dabei. Schon mein halbes Leben arbeite ich mit Kindern, die Arbeit ist vielf\u00e4ltig und macht einfach Spass. Die Kinder zu betreuen, mit ihnen zu Basteln oder einfach mal in der Turnhalle herum zu toben ist meine t\u00e4gliche Motivation. Was gibt es sch\u00f6neres als fr\u00f6hliche und zufriedene Kids?<\/p>\n<\/div><\/div>\n\n\n\n<div style=\"height:100px\" aria-hidden=\"true\" class=\"wp-block-spacer\"><\/div>\n\n\n\n<div class=\"wp-block-media-text alignwide is-stacked-on-mobile is-vertically-aligned-center\" style=\"grid-template-columns:38% auto\"><figure class=\"wp-block-media-text__media\"><img loading=\"lazy\" decoding=\"async\" width=\"1024\" height=\"683\" src=\"https:\/\/mittagstisch-rodersdorf.ch\/wordpress\/wp-content\/uploads\/2022\/01\/G4A2186-1-1024x683.jpg\" alt=\"\" class=\"wp-image-457 size-full\" srcset=\"https:\/\/mittagstisch-rodersdorf.ch\/wordpress\/wp-content\/uploads\/2022\/01\/G4A2186-1-1024x683.jpg 1024w, https:\/\/mittagstisch-rodersdorf.ch\/wordpress\/wp-content\/uploads\/2022\/01\/G4A2186-1-300x200.jpg 300w, https:\/\/mittagstisch-rodersdorf.ch\/wordpress\/wp-content\/uploads\/2022\/01\/G4A2186-1-768x512.jpg 768w, https:\/\/mittagstisch-rodersdorf.ch\/wordpress\/wp-content\/uploads\/2022\/01\/G4A2186-1-405x270.jpg 405w, https:\/\/mittagstisch-rodersdorf.ch\/wordpress\/wp-content\/uploads\/2022\/01\/G4A2186-1.jpg 1280w\" sizes=\"auto, (max-width: 1024px) 100vw, 1024px\" \/><\/figure><div class=\"wp-block-media-text__content\">\n<p style=\"font-size:16px\">Mein Name ist <strong>Diana<\/strong> und ich unterst\u00fctze das Mittagstisch-Team seit Herbst 2020.<br>Ich habe das Gef\u00fchl etwas Gutes zu tun, wenn wir die Mittagspause sinnvoll mit den Kindern verbringen. Es f\u00f6rdert die sozialen Kontakte unter den Kindern und im Dorf mit den verschiedenen Familien.<\/p>\n<\/div><\/div>\n\n\n\n<div style=\"height:100px\" aria-hidden=\"true\" class=\"wp-block-spacer\"><\/div>\n\n\n\n<div class=\"wp-block-media-text alignwide is-stacked-on-mobile is-vertically-aligned-center is-image-fill-element\" style=\"grid-template-columns:38% auto\"><figure class=\"wp-block-media-text__media\"><img loading=\"lazy\" decoding=\"async\" width=\"1920\" height=\"2560\" src=\"https:\/\/mittagstisch-rodersdorf.ch\/wordpress\/wp-content\/uploads\/2023\/06\/Hana-Stejskalikova-scaled.jpg\" alt=\"\" class=\"wp-image-681 size-full\" style=\"object-position:50% 50%\" srcset=\"https:\/\/mittagstisch-rodersdorf.ch\/wordpress\/wp-content\/uploads\/2023\/06\/Hana-Stejskalikova-scaled.jpg 1920w, https:\/\/mittagstisch-rodersdorf.ch\/wordpress\/wp-content\/uploads\/2023\/06\/Hana-Stejskalikova-225x300.jpg 225w\" sizes=\"auto, (max-width: 1920px) 100vw, 1920px\" \/><\/figure><div class=\"wp-block-media-text__content\">\n<p style=\"font-size:16px\">Mein Name ist <strong>Hana<\/strong>. Ich bin Mutter von zwei Jungs und seit Juni 2023 am Mittagstisch t\u00e4tig.<br>Es freut mich, mit so einem netten Team arbeiten zu k\u00f6nnen und es liegt mir am Herzen, dass sich die Kinder wohl f\u00fchlen und alle zufrieden sind.<\/p>\n<\/div><\/div>\n\n\n\n<div style=\"height:100px\" aria-hidden=\"true\" class=\"wp-block-spacer\"><\/div>\n\n\n\n<div class=\"wp-block-media-text alignwide is-stacked-on-mobile is-vertically-aligned-center\" style=\"grid-template-columns:38% auto\"><figure class=\"wp-block-media-text__media\"><img loading=\"lazy\" decoding=\"async\" width=\"683\" height=\"726\" src=\"https:\/\/mittagstisch-rodersdorf.ch\/wordpress\/wp-content\/uploads\/2024\/10\/Foto_Lilian-Kuzukular2_1024x683.jpg\" alt=\"\" class=\"wp-image-787 size-full\" srcset=\"https:\/\/mittagstisch-rodersdorf.ch\/wordpress\/wp-content\/uploads\/2024\/10\/Foto_Lilian-Kuzukular2_1024x683.jpg 683w, https:\/\/mittagstisch-rodersdorf.ch\/wordpress\/wp-content\/uploads\/2024\/10\/Foto_Lilian-Kuzukular2_1024x683-282x300.jpg 282w, https:\/\/mittagstisch-rodersdorf.ch\/wordpress\/wp-content\/uploads\/2024\/10\/Foto_Lilian-Kuzukular2_1024x683-254x270.jpg 254w\" sizes=\"auto, (max-width: 683px) 100vw, 683px\" \/><\/figure><div class=\"wp-block-media-text__content\">\n<p style=\"font-size:16px\">Mein Name ist <strong>Lilian<\/strong>. Seit nun etwas mehr als 5 Jahren sind wir als Familie von Basel her dem charmanten, sch\u00f6nen Rodersdorf zugezogen. Nach einer etwas in die L\u00e4nge gezogenen Ankunftszeit, ein wenig gehemmt durch die Corona bedingten Massnahmen, sind wir nun angekommen und sehr gl\u00fccklich, ein Teil der Dorfgemeinschaft zu sein. Ich als Mutter von 6 Kindern interessiere und fasziniere mich sehr f\u00fcr die Themen der Zwischenmenschlichkeit, famili\u00e4ren Strukturen, Bildungs &#8211; und Entwicklungsprozesse, sowie die gesunde und gl\u00fcckliche Menschlichkeit im Allgemeinen. Gerne m\u00f6chte ich mich engagiert einbringen. Die Aufgaben rund um familienerg\u00e4nzende Betreuungsangebote erachte ich als einen wertvollen Beitrag an die Gemeinschaft. Ich freue mich sehr, mit euren Kindern meine Zeit zu teilen und das bestehende Team erg\u00e4nzend und unterst\u00fctzend zu vergr\u00f6ssern.<\/p>\n<\/div><\/div>\n\n\n\n<div style=\"height:100px\" aria-hidden=\"true\" class=\"wp-block-spacer\"><\/div>\n\n\n\n<div class=\"wp-block-media-text alignwide is-stacked-on-mobile is-vertically-aligned-center is-image-fill-element\" style=\"grid-template-columns:38% auto\"><figure class=\"wp-block-media-text__media\"><img loading=\"lazy\" decoding=\"async\" width=\"1024\" height=\"683\" src=\"https:\/\/mittagstisch-rodersdorf.ch\/wordpress\/wp-content\/uploads\/2023\/08\/Andrea-Solari-Portrait-1024x683.jpg\" alt=\"\" class=\"wp-image-699 size-full\" style=\"object-position:50% 50%\" srcset=\"https:\/\/mittagstisch-rodersdorf.ch\/wordpress\/wp-content\/uploads\/2023\/08\/Andrea-Solari-Portrait-1024x683.jpg 1024w, https:\/\/mittagstisch-rodersdorf.ch\/wordpress\/wp-content\/uploads\/2023\/08\/Andrea-Solari-Portrait-300x200.jpg 300w, https:\/\/mittagstisch-rodersdorf.ch\/wordpress\/wp-content\/uploads\/2023\/08\/Andrea-Solari-Portrait-768x512.jpg 768w, https:\/\/mittagstisch-rodersdorf.ch\/wordpress\/wp-content\/uploads\/2023\/08\/Andrea-Solari-Portrait-1536x1024.jpg 1536w, https:\/\/mittagstisch-rodersdorf.ch\/wordpress\/wp-content\/uploads\/2023\/08\/Andrea-Solari-Portrait-405x270.jpg 405w, https:\/\/mittagstisch-rodersdorf.ch\/wordpress\/wp-content\/uploads\/2023\/08\/Andrea-Solari-Portrait.jpg 1920w\" sizes=\"auto, (max-width: 1024px) 100vw, 1024px\" \/><\/figure><div class=\"wp-block-media-text__content\">\n<p style=\"font-size:16px\">ein Name ist <strong>Andrea<\/strong>. Gemeinsam mit meinem Sohn lebe ich in Ettingen. Die Arbeit mit Kindern und Jugendlichen begleitet mich schon mein ganzes Leben und das lebhafte Arbeitsumfeld bereitet mir seit je her grosse Freude. Als sozialp\u00e4dagogische Familienbegleiterin und aus meiner Erfahrung als Nanny, Fachpflegemutter und aus der Kinder- und Jugendarbeit, weiss ich wie wichtig stabile Strukturen und zuverl\u00e4ssige Bezugspersonen sind und ich freue mich ein Teil des Mittagstisches zu sein und die Kinder ein St\u00fcck ihres Lebens begleiten zu d\u00fcrfen.<\/p>\n<\/div><\/div>\n\n\n\n<div style=\"height:100px\" aria-hidden=\"true\" class=\"wp-block-spacer\"><\/div>\n\n\n\n<div class=\"wp-block-media-text alignwide is-stacked-on-mobile is-vertically-aligned-center is-image-fill-element\" style=\"grid-template-columns:38% auto\"><figure class=\"wp-block-media-text__media\"><img loading=\"lazy\" decoding=\"async\" width=\"427\" height=\"640\" src=\"https:\/\/mittagstisch-rodersdorf.ch\/wordpress\/wp-content\/uploads\/2024\/10\/Bild-David-2.jpeg\" alt=\"\" class=\"wp-image-792 size-full\" style=\"object-position:42% 11%\" srcset=\"https:\/\/mittagstisch-rodersdorf.ch\/wordpress\/wp-content\/uploads\/2024\/10\/Bild-David-2.jpeg 427w, https:\/\/mittagstisch-rodersdorf.ch\/wordpress\/wp-content\/uploads\/2024\/10\/Bild-David-2-200x300.jpeg 200w, https:\/\/mittagstisch-rodersdorf.ch\/wordpress\/wp-content\/uploads\/2024\/10\/Bild-David-2-180x270.jpeg 180w\" sizes=\"auto, (max-width: 427px) 100vw, 427px\" \/><\/figure><div class=\"wp-block-media-text__content\">\n<p><\/p>\n\n\n\n<p style=\"font-size:16px\"><strong>David <\/strong>ist als Springer am Mittagstisch t\u00e4tig. Er ist Engl\u00e4nder und lebt schon l\u00e4nger in Rodersdorf. Die Erwachsenen sprechen immer sofort Englisch mit ihm &#8211; nur er m\u00f6chte Deutsch lernen&#8230; Darum kommt er zu uns und unterh\u00e4lt sich mit den Kindern. Die Kinder geniessen die zus\u00e4tzliche Aufmerksamkeit und Ansprechperson.<\/p>\n\n\n\n<p><\/p>\n<\/div><\/div>\n\n\n\n<p><\/p>\n","protected":false},"excerpt":{"rendered":"<p>Das Mittagstisch-Team stellt sich vor Liebe Eltern und Kinder des \u00d6ffentlichen Mittagstischs Rodersdorf Ich, Sabine, bin in Rodersdorf aufgewachsen und lebe mit meinem Mann und unseren Zwillingen Nela und Flurina im Dorf. Als ausgebildete Kindergarten-und Primarlehrperson arbeite ich nun schon seit sechs Jahren mit grosser Freude als Leiterin des \u00d6ffentlichen Mittagstischs.Es ist mir ein Anliegen die Kinder in einer angenehmen Umgebung und mit meinem tollen Team durch die Mittagszeit und den Nachmittag zu begleiten. Die Kinder k\u00f6nnen so in einer&#8230;<\/p>\n<p class=\"read-more\"><a class=\"btn btn-default\" href=\"https:\/\/mittagstisch-rodersdorf.ch\/wordpress\/?page_id=117\">Weiterlesen<span class=\"screen-reader-text\"> Weiterlesen<\/span><\/a><\/p>\n","protected":false},"author":1,"featured_media":0,"parent":0,"menu_order":0,"comment_status":"closed","ping_status":"closed","template":"","meta":{"footnotes":""},"class_list":["post-117","page","type-page","status-publish","hentry"],"_links":{"self":[{"href":"https:\/\/mittagstisch-rodersdorf.ch\/wordpress\/index.php?rest_route=\/wp\/v2\/pages\/117","targetHints":{"allow":["GET"]}}],"collection":[{"href":"https:\/\/mittagstisch-rodersdorf.ch\/wordpress\/index.php?rest_route=\/wp\/v2\/pages"}],"about":[{"href":"https:\/\/mittagstisch-rodersdorf.ch\/wordpress\/index.php?rest_route=\/wp\/v2\/types\/page"}],"author":[{"embeddable":true,"href":"https:\/\/mittagstisch-rodersdorf.ch\/wordpress\/index.php?rest_route=\/wp\/v2\/users\/1"}],"replies":[{"embeddable":true,"href":"https:\/\/mittagstisch-rodersdorf.ch\/wordpress\/index.php?rest_route=%2Fwp%2Fv2%2Fcomments&post=117"}],"version-history":[{"count":30,"href":"https:\/\/mittagstisch-rodersdorf.ch\/wordpress\/index.php?rest_route=\/wp\/v2\/pages\/117\/revisions"}],"predecessor-version":[{"id":817,"href":"https:\/\/mittagstisch-rodersdorf.ch\/wordpress\/index.php?rest_route=\/wp\/v2\/pages\/117\/revisions\/817"}],"wp:attachment":[{"href":"https:\/\/mittagstisch-rodersdorf.ch\/wordpress\/index.php?rest_route=%2Fwp%2Fv2%2Fmedia&parent=117"}],"curies":[{"name":"wp","href":"https:\/\/api.w.org\/{rel}","templated":true}]}}